{"id":9755,"date":"2024-01-29T10:31:21","date_gmt":"2024-01-29T10:31:21","guid":{"rendered":"https:\/\/www.cft-group.com\/innovacion\/"},"modified":"2025-09-25T14:48:18","modified_gmt":"2025-09-25T14:48:18","slug":"innovacion","status":"publish","type":"page","link":"https:\/\/www.cft-group.com\/es\/innovacion\/","title":{"rendered":"Innovaci\u00f3n"},"content":{"rendered":"","protected":false},"excerpt":{"rendered":"","protected":false},"author":236,"featured_media":0,"parent":0,"menu_order":0,"comment_status":"closed","ping_status":"closed","template":"","meta":{"_acf_changed":false,"_cr_original_post":"","_cr_replace_post_id":"","_cr_replacing_post_id":"","footnotes":""},"class_list":["post-9755","page","type-page","status-publish","hentry"],"yoast_head":"<!-- This site is optimized with the Yoast SEO Premium plugin v26.8 (Yoast SEO v26.8) - https:\/\/yoast.com\/product\/yoast-seo-premium-wordpress\/ -->\n<title>Innovaci\u00f3n - CFT Food Machinery<\/title>\n<meta name=\"description\" content=\"Explora la innovaci\u00f3n sostenible en el sector del Food &amp; Beverage con nuestra calculadora de ahorro energ\u00e9tico.\" \/>\n<meta name=\"robots\" content=\"index, follow, max-snippet:-1, max-image-preview:large, max-video-preview:-1\" \/>\n<link rel=\"canonical\" href=\"https:\/\/www.cft-group.com\/es\/innovacion\/\" \/>\n<meta property=\"og:locale\" content=\"es_ES\" \/>\n<meta property=\"og:type\" content=\"article\" \/>\n<meta property=\"og:title\" content=\"Innovaci\u00f3n - CFT Food Machinery\" \/>\n<meta property=\"og:description\" content=\"Explora la innovaci\u00f3n sostenible en el sector del Food &amp; Beverage con nuestra calculadora de ahorro energ\u00e9tico.\" \/>\n<meta property=\"og:url\" content=\"https:\/\/www.cft-group.com\/es\/innovacion\/\" \/>\n<meta property=\"og:site_name\" content=\"CFT Food Machinery\" \/>\n<meta property=\"article:modified_time\" content=\"2025-09-25T14:48:18+00:00\" \/>\n<meta name=\"twitter:card\" content=\"summary_large_image\" \/>\n<script type=\"application\/ld+json\" class=\"yoast-schema-graph\">{\"@context\":\"https:\/\/schema.org\",\"@graph\":[{\"@type\":\"WebPage\",\"@id\":\"https:\/\/www.cft-group.com\/es\/innovacion\/\",\"url\":\"https:\/\/www.cft-group.com\/es\/innovacion\/\",\"name\":\"Innovaci\u00f3n - CFT Food Machinery\",\"isPartOf\":{\"@id\":\"https:\/\/www.cft-group.com\/es\/#website\"},\"datePublished\":\"2024-01-29T10:31:21+00:00\",\"dateModified\":\"2025-09-25T14:48:18+00:00\",\"description\":\"Explora la innovaci\u00f3n sostenible en el sector del Food & Beverage con nuestra calculadora de ahorro energ\u00e9tico.\",\"inLanguage\":\"es\",\"potentialAction\":[{\"@type\":\"ReadAction\",\"target\":[\"https:\/\/www.cft-group.com\/es\/innovacion\/\"]}]},{\"@type\":\"WebSite\",\"@id\":\"https:\/\/www.cft-group.com\/es\/#website\",\"url\":\"https:\/\/www.cft-group.com\/es\/\",\"name\":\"CFT Food Machinery\",\"description\":\"\",\"potentialAction\":[{\"@type\":\"SearchAction\",\"target\":{\"@type\":\"EntryPoint\",\"urlTemplate\":\"https:\/\/www.cft-group.com\/es\/?s={search_term_string}\"},\"query-input\":{\"@type\":\"PropertyValueSpecification\",\"valueRequired\":true,\"valueName\":\"search_term_string\"}}],\"inLanguage\":\"es\"}]}<\/script>\n<!-- \/ Yoast SEO Premium plugin. -->","yoast_head_json":{"title":"Innovaci\u00f3n - CFT Food Machinery","description":"Explora la innovaci\u00f3n sostenible en el sector del Food & Beverage con nuestra calculadora de ahorro energ\u00e9tico.","robots":{"index":"index","follow":"follow","max-snippet":"max-snippet:-1","max-image-preview":"max-image-preview:large","max-video-preview":"max-video-preview:-1"},"canonical":"https:\/\/www.cft-group.com\/es\/innovacion\/","og_locale":"es_ES","og_type":"article","og_title":"Innovaci\u00f3n - CFT Food Machinery","og_description":"Explora la innovaci\u00f3n sostenible en el sector del Food & Beverage con nuestra calculadora de ahorro energ\u00e9tico.","og_url":"https:\/\/www.cft-group.com\/es\/innovacion\/","og_site_name":"CFT Food Machinery","article_modified_time":"2025-09-25T14:48:18+00:00","twitter_card":"summary_large_image","schema":{"@context":"https:\/\/schema.org","@graph":[{"@type":"WebPage","@id":"https:\/\/www.cft-group.com\/es\/innovacion\/","url":"https:\/\/www.cft-group.com\/es\/innovacion\/","name":"Innovaci\u00f3n - CFT Food Machinery","isPartOf":{"@id":"https:\/\/www.cft-group.com\/es\/#website"},"datePublished":"2024-01-29T10:31:21+00:00","dateModified":"2025-09-25T14:48:18+00:00","description":"Explora la innovaci\u00f3n sostenible en el sector del Food & Beverage con nuestra calculadora de ahorro energ\u00e9tico.","inLanguage":"es","potentialAction":[{"@type":"ReadAction","target":["https:\/\/www.cft-group.com\/es\/innovacion\/"]}]},{"@type":"WebSite","@id":"https:\/\/www.cft-group.com\/es\/#website","url":"https:\/\/www.cft-group.com\/es\/","name":"CFT Food Machinery","description":"","potentialAction":[{"@type":"SearchAction","target":{"@type":"EntryPoint","urlTemplate":"https:\/\/www.cft-group.com\/es\/?s={search_term_string}"},"query-input":{"@type":"PropertyValueSpecification","valueRequired":true,"valueName":"search_term_string"}}],"inLanguage":"es"}]}},"acf":[],"jetpack_sharing_enabled":true,"_links":{"self":[{"href":"https:\/\/www.cft-group.com\/es\/wp-json\/wp\/v2\/pages\/9755","targetHints":{"allow":["GET"]}}],"collection":[{"href":"https:\/\/www.cft-group.com\/es\/wp-json\/wp\/v2\/pages"}],"about":[{"href":"https:\/\/www.cft-group.com\/es\/wp-json\/wp\/v2\/types\/page"}],"author":[{"embeddable":true,"href":"https:\/\/www.cft-group.com\/es\/wp-json\/wp\/v2\/users\/236"}],"replies":[{"embeddable":true,"href":"https:\/\/www.cft-group.com\/es\/wp-json\/wp\/v2\/comments?post=9755"}],"version-history":[{"count":3,"href":"https:\/\/www.cft-group.com\/es\/wp-json\/wp\/v2\/pages\/9755\/revisions"}],"predecessor-version":[{"id":10126,"href":"https:\/\/www.cft-group.com\/es\/wp-json\/wp\/v2\/pages\/9755\/revisions\/10126"}],"wp:attachment":[{"href":"https:\/\/www.cft-group.com\/es\/wp-json\/wp\/v2\/media?parent=9755"}],"curies":[{"name":"wp","href":"https:\/\/api.w.org\/{rel}","templated":true}]}}